{"id":351,"date":"2022-12-06T11:25:49","date_gmt":"2022-12-06T10:25:49","guid":{"rendered":"http:\/\/alingui.ch\/?page_id=351"},"modified":"2025-11-26T18:27:03","modified_gmt":"2025-11-26T17:27:03","slug":"alingui-contact-traduction-interpretation","status":"publish","type":"page","link":"https:\/\/alingui.ch\/fr\/alingui-contact-traduction-interpretation\/","title":{"rendered":"Contact"},"content":{"rendered":"\n<div class=\"wp-block-stackable-heading alignwide stk-block-heading stk-block-heading--v2 stk-block stk-e216009 stk-block-background stk--has-background-overlay\" id=\"contact\" data-block-id=\"e216009\"><style>.stk-e216009 {background-color:#02b134 !important;}.stk-e216009:before{background-image:#02b134 !important;}.stk-e216009 .stk-block-heading__text{font-size:70px !important;color:var(--ast-global-color-5) !important;font-family:\"Akshar\", Sans-serif !important;}@media screen and (max-width: 1023px){.stk-e216009 .stk-block-heading__text{font-size:50px !important;}}<\/style><h1 class=\"stk-block-heading__text has-text-color has-ast-global-color-5-color has-text-align-left stk-block-heading--use-theme-margins\">Contact<\/h1><\/div>\n\n\n\n<div class=\"wp-block-getwid-section alignfull alignfull getwid-anim fadeInLeft getwid-section-content-custom-width\" data-wow-duration=\"1500ms\" data-wow-delay=\"200ms\"><div class=\"wp-block-getwid-section__wrapper getwid-padding-left-medium getwid-padding-right-medium\"><div class=\"wp-block-getwid-section__inner-wrapper\" style=\"max-width:1140px\"><div class=\"wp-block-getwid-section__background-holder\"><div class=\"wp-block-getwid-section__background\"><\/div><div class=\"wp-block-getwid-section__foreground\"><\/div><\/div><div class=\"wp-block-getwid-section__content\"><div class=\"wp-block-getwid-section__inner-content\">\n<div class=\"wp-block-getwid-advanced-heading has-custom-font-size\" style=\"font-size:45px;margin-bottom:30px;margin-top:10px\"><h2 class=\"wp-block-getwid-advanced-heading__content\" style=\"text-align:center;font-family:&quot;Akshar&quot;;font-weight:600\">N&rsquo;h\u00e9sitez pas \u00e0 nous contacter !<\/h2><\/div>\n\n\n\n<p class=\"has-text-align-center has-medium-font-size\">Chacun de vos projets m\u00e9rite le meilleur d&rsquo;alingui !<\/p>\n\n\n\n<div class=\"wp-block-getwid-advanced-spacer\" style=\"height:40px\" aria-hidden=\"true\"><\/div>\n\n\n\n<div class=\"wp-block-columns has-2-columns is-layout-flex wp-container-core-columns-is-layout-28f84493 wp-block-columns-is-layout-flex\">\n<div class=\"wp-block-column has-ast-global-color-8-color has-text-color has-background has-link-color wp-elements-08c73958084e142e7e685cccde0f8db4 is-layout-flow wp-block-column-is-layout-flow\" style=\"border-style:none;border-width:0px;border-radius:78px;background:linear-gradient(135deg,rgba(202,247,129,0.33) 0%,rgb(2,177,52) 100%);padding-top:0;padding-right:0;padding-bottom:0;padding-left:0;font-size:25px\">\n<div class=\"wp-block-stackable-spacer stk-block-spacer stk--no-padding stk-block stk-ab54000\" data-block-id=\"ab54000\"><style>.stk-ab54000 {height:80px !important;}<\/style><\/div>\n\n\n\n<div class=\"wp-block-stackable-icon stk-block-icon has-text-align-center stk-block stk-2f33851\" data-block-id=\"2f33851\"><style>.stk-2f33851 .stk--svg-wrapper .stk--inner-svg svg:last-child{height:60px !important;width:60px !important;}.stk-2f33851 .stk--svg-wrapper .stk--inner-svg svg:last-child, .stk-2f33851 .stk--svg-wrapper .stk--inner-svg svg:last-child :is(g, path, rect, polygon, ellipse){fill:var(--ast-global-color-8) !important;}<\/style><span class=\"stk--svg-wrapper\"><div class=\"stk--inner-svg\"><svg style=\"height:0;width:0\"><defs><linearGradient id=\"linear-gradient-2f33851\" x1=\"0\" x2=\"100%\" y1=\"0\" y2=\"0\"><stop offset=\"0%\" style=\"stop-opacity:1;stop-color:var(--linear-gradient-2-f-33851-color-1)\"><\/stop><stop offset=\"100%\" style=\"stop-opacity:1;stop-color:var(--linear-gradient-2-f-33851-color-2)\"><\/stop><\/linearGradient><\/defs><\/svg><svg aria-hidden=\"true\" focusable=\"false\" data-prefix=\"fas\" data-icon=\"map-marked-alt\" class=\"svg-inline--fa fa-map-marked-alt fa-w-18\" xmlns=\"http:\/\/www.w3.org\/2000\/svg\" viewBox=\"0 0 576 512\" width=\"32\" height=\"32\"><path fill=\"currentColor\" d=\"M288 0c-69.59 0-126 56.41-126 126 0 56.26 82.35 158.8 113.9 196.02 6.39 7.54 17.82 7.54 24.2 0C331.65 284.8 414 182.26 414 126 414 56.41 357.59 0 288 0zm0 168c-23.2 0-42-18.8-42-42s18.8-42 42-42 42 18.8 42 42-18.8 42-42 42zM20.12 215.95A32.006 32.006 0 0 0 0 245.66v250.32c0 11.32 11.43 19.06 21.94 14.86L160 448V214.92c-8.84-15.98-16.07-31.54-21.25-46.42L20.12 215.95zM288 359.67c-14.07 0-27.38-6.18-36.51-16.96-19.66-23.2-40.57-49.62-59.49-76.72v182l192 64V266c-18.92 27.09-39.82 53.52-59.49 76.72-9.13 10.77-22.44 16.95-36.51 16.95zm266.06-198.51L416 224v288l139.88-55.95A31.996 31.996 0 0 0 576 426.34V176.02c0-11.32-11.43-19.06-21.94-14.86z\"><\/path><\/svg><\/div><\/span><\/div>\n\n\n\n<p class=\"has-text-align-center\">Chemin Pr\u00e9-de-la-Vigne 8<\/p>\n\n\n\n<p class=\"has-text-align-center\">1468 Cheyres &#8211; Suisse <\/p>\n\n\n\n<p class=\"has-text-align-center\"><a href=\"tel:+41797208767\">+41 79 720 87 67 <\/a><\/p>\n\n\n\n<div class=\"wp-block-buttons is-content-justification-center is-layout-flex wp-container-core-buttons-is-layout-a89b3969 wp-block-buttons-is-layout-flex\">\n<div class=\"wp-block-button\"><a class=\"wp-block-button__link has-background wp-element-button\" href=\"mailto:contact@alingui.ch\" style=\"background-color:#02b134\" target=\"_blank\" rel=\"noreferrer noopener\">contact@alingui.ch<\/a><\/div>\n<\/div>\n\n\n\n<div class=\"wp-block-getwid-social-links has-large-spacing\" style=\"font-size:20px\"><ul class=\"wp-block-getwid-social-links__list getwid-justify-content-center getwid-justify-content-tablet-center getwid-justify-content-mobile-center\"><li class=\"wp-block-getwid-social-links__item\"><a class=\"wp-block-getwid-social-links__link\" href=\"https:\/\/www.linkedin.com\/\"><span class=\"wp-block-getwid-social-links__wrapper has-text-color\" style=\"color:#000000\"><i class=\"fab fa-linkedin-in\"><\/i><\/span><\/a><\/li><li class=\"wp-block-getwid-social-links__item\"><a class=\"wp-block-getwid-social-links__link\" href=\"https:\/\/www.facebook.com\/\"><span class=\"wp-block-getwid-social-links__wrapper has-text-color\" style=\"color:#000000\"><i class=\"fab fa-facebook-f\"><\/i><\/span><\/a><\/li><\/ul><\/div>\n<\/div>\n\n\n\n<div class=\"wp-block-column is-layout-flow wp-block-column-is-layout-flow\"><div class=\"frm_forms  with_frm_style frm_style_style-formidable\" id=\"frm_form_1_container\" >\n<form enctype=\"multipart\/form-data\" method=\"post\" class=\"frm-show-form \" id=\"form_contact-form\" >\n<div class=\"frm_form_fields \">\n<fieldset>\n<legend class=\"frm_screen_reader\">Contact<\/legend>\r\n\r\n<div class=\"frm_fields_container\">\n<input type=\"hidden\" name=\"frm_action\" value=\"create\" \/>\n<input type=\"hidden\" name=\"form_id\" value=\"1\" \/>\n<input type=\"hidden\" name=\"frm_hide_fields_1\" id=\"frm_hide_fields_1\" value=\"\" \/>\n<input type=\"hidden\" name=\"form_key\" value=\"contact-form\" \/>\n<input type=\"hidden\" name=\"item_meta[0]\" value=\"\" \/>\n<input type=\"hidden\" id=\"frm_submit_entry_1\" name=\"frm_submit_entry_1\" value=\"baede5fdca\" \/><input type=\"hidden\" name=\"_wp_http_referer\" value=\"\/fr\/wp-json\/wp\/v2\/pages\/351\" \/><div id=\"frm_field_1_container\" class=\"frm_form_field form-field  frm_required_field frm_top_container frm_first frm_half\">\r\n    <label for=\"field_qh4icy\" id=\"field_qh4icy_label\" class=\"frm_primary_label\">Nom et pr\u00e9nom \r\n        <span class=\"frm_required\" aria-hidden=\"true\">*<\/span>\r\n    <\/label>\r\n    <input type=\"text\" id=\"field_qh4icy\" name=\"item_meta[1]\" value=\"\"  data-reqmsg=\"Ce champ ne peut pas \u00eatre vide\" aria-required=\"true\" data-invmsg=\"Name est non valide\" aria-invalid=\"false\"  \/>\r\n    \r\n    \r\n<\/div>\n<div id=\"frm_field_8_container\" class=\"frm_form_field form-field  frm_required_field frm_top_container frm12 frm_first\">\r\n    <label for=\"field_fy7id\" id=\"field_fy7id_label\" class=\"frm_primary_label\">Organisation\r\n        <span class=\"frm_required\" aria-hidden=\"true\">*<\/span>\r\n    <\/label>\r\n    <input type=\"text\" id=\"field_fy7id\" name=\"item_meta[8]\" value=\"\"  data-reqmsg=\"Ce champ ne peut pas \u00eatre vide\" aria-required=\"true\" data-invmsg=\"texte est non valide\" aria-invalid=\"false\"  \/>\r\n    \r\n    \r\n<\/div>\n<div id=\"frm_field_3_container\" class=\"frm_form_field form-field  frm_required_field frm_top_container frm_full\">\r\n    <label for=\"field_29yf4d\" id=\"field_29yf4d_label\" class=\"frm_primary_label\">Courriel\r\n        <span class=\"frm_required\" aria-hidden=\"true\">*<\/span>\r\n    <\/label>\r\n    <input type=\"email\" id=\"field_29yf4d\" name=\"item_meta[3]\" value=\"\"  placeholder=\"exemple@exemple.ch\" data-reqmsg=\"Ce champ ne peut pas \u00eatre vide\" aria-required=\"true\" data-invmsg=\"Please enter a valid email address\" aria-invalid=\"false\"  \/>\r\n    \r\n    \r\n<\/div>\n<div id=\"frm_field_7_container\" class=\"frm_form_field form-field  frm_required_field frm_top_container\">\r\n    <label for=\"field_16rkn\" id=\"field_16rkn_label\" class=\"frm_primary_label\">T\u00e9l\u00e9phone\r\n        <span class=\"frm_required\" aria-hidden=\"true\">*<\/span>\r\n    <\/label>\r\n    <input type=\"tel\" id=\"field_16rkn\" name=\"item_meta[7]\" value=\"\"  data-reqmsg=\"Ce champ ne peut pas \u00eatre vide\" aria-required=\"true\" data-invmsg=\"T\u00e9l\u00e9phone est non valide\" aria-invalid=\"false\" pattern=\"((\\+\\d{1,3}(-|.| )?\\(?\\d\\)?(-| |.)?\\d{1,5})|(\\(?\\d{2,6}\\)?))(-|.| )?(\\d{3,4})(-|.| )?(\\d{4})(( x| ext)\\d{1,5}){0,1}$\"  \/>\r\n    \r\n    \r\n<\/div>\n<div id=\"frm_field_6_container\" class=\"frm_form_field form-field  frm_required_field frm_top_container frm12 frm_first\">\r\n    <label for=\"field_l5io9\" id=\"field_l5io9_label\" class=\"frm_primary_label\">Choisissez \r\n        <span class=\"frm_required\" aria-hidden=\"true\">*<\/span>\r\n    <\/label>\r\n    \t\t<select name=\"item_meta[6]\" id=\"field_l5io9\"  data-reqmsg=\"Ce champ ne peut pas \u00eatre vide\" aria-required=\"true\" data-invmsg=\"Choisissez  est non valide\" class=\"auto_width\" aria-invalid=\"false\"  >\n\t\t<option  value=\"Traduction\">Traduction<\/option><option  value=\"Interpr\u00e9tation\">Interpr\u00e9tation<\/option><option  value=\"Traduction litt\u00e9raire\">Traduction litt\u00e9raire<\/option><option  value=\"Autre\">Autre<\/option>\t<\/select>\n\t\r\n    \r\n    \r\n<\/div>\n<div id=\"frm_field_5_container\" class=\"frm_form_field form-field  frm_required_field frm_top_container frm_full\">\r\n    <label for=\"field_9jv0r1\" id=\"field_9jv0r1_label\" class=\"frm_primary_label\">Message\r\n        <span class=\"frm_required\" aria-hidden=\"true\">*<\/span>\r\n    <\/label>\r\n    <textarea name=\"item_meta[5]\" id=\"field_9jv0r1\" rows=\"5\"  data-reqmsg=\"Ce champ ne peut pas \u00eatre vide\" aria-required=\"true\" data-invmsg=\"Message est non valide\" aria-invalid=\"false\"  ><\/textarea>\r\n    \r\n    \r\n<\/div>\n<div id=\"frm_field_9_container\" class=\"frm_form_field form-field  frm_none_container\">\n    <label for=\"g-recaptcha-response\" id=\"field_4fr8w_label\" class=\"frm_primary_label\">reCAPTCHA\n        <span class=\"frm_required\" aria-hidden=\"true\"><\/span>\n    <\/label>\n    \n    \n    \n<\/div>\n<div id=\"frm_field_11_container\" class=\"frm_form_field form-field \">\n\t<div class=\"frm_submit\">\r\n\r\n<button class=\"frm_button_submit\" type=\"submit\"  >Envoyer<\/button>\r\n\r\n\r\n<\/div>\n<\/div>\n\t<input type=\"hidden\" name=\"item_key\" value=\"\" \/>\n\t\t\t<div id=\"frm_field_12_container\">\n\t\t\t<label for=\"field_ydq3o\" >\n\t\t\t\tSi vous \u00eates un humain, ne remplissez pas ce champ.\t\t\t<\/label>\n\t\t\t<input  id=\"field_ydq3o\" type=\"text\" class=\"frm_form_field form-field frm_verify\" name=\"item_meta[12]\" value=\"\"  \/>\n\t\t<\/div>\n\t\t<input name=\"frm_state\" type=\"hidden\" value=\"Kuk2xOpf5+3tpi0zURehCOc95JL1ZyLq\/C8\/ZPuuvXw=\" \/><\/div>\n<\/fieldset>\n<\/div>\n\n<\/form>\n<\/div>\n<\/div>\n<\/div>\n<\/div><\/div><\/div><\/div><\/div>\n\n\n\n<p><\/p>\n","protected":false},"excerpt":{"rendered":"<p>Contact<\/p>\n","protected":false},"author":1,"featured_media":0,"parent":0,"menu_order":0,"comment_status":"closed","ping_status":"closed","template":"","meta":{"site-sidebar-layout":"default","site-content-layout":"","ast-site-content-layout":"default","site-content-style":"default","site-sidebar-style":"default","ast-global-header-display":"","ast-banner-title-visibility":"","ast-main-header-display":"","ast-hfb-above-header-display":"","ast-hfb-below-header-display":"","ast-hfb-mobile-header-display":"","site-post-title":"disabled","ast-breadcrumbs-content":"","ast-featured-img":"","footer-sml-layout":"","theme-transparent-header-meta":"","adv-header-id-meta":"","stick-header-meta":"","header-above-stick-meta":"","header-main-stick-meta":"","header-below-stick-meta":"","astra-migrate-meta-layouts":"set","ast-page-background-enabled":"default","ast-page-background-meta":{"desktop":{"background-color":"var(--ast-global-color-4)","background-image":"","background-repeat":"repeat","background-position":"center center","background-size":"auto","background-attachment":"scroll","background-type":"","background-media":"","overlay-type":"","overlay-color":"","overlay-opacity":"","overlay-gradient":""},"tablet":{"background-color":"","background-image":"","background-repeat":"repeat","background-position":"center center","background-size":"auto","background-attachment":"scroll","background-type":"","background-media":"","overlay-type":"","overlay-color":"","overlay-opacity":"","overlay-gradient":""},"mobile":{"background-color":"","background-image":"","background-repeat":"repeat","background-position":"center center","background-size":"auto","background-attachment":"scroll","background-type":"","background-media":"","overlay-type":"","overlay-color":"","overlay-opacity":"","overlay-gradient":""}},"ast-content-background-meta":{"desktop":{"background-color":"var(--ast-global-color-5)","background-image":"","background-repeat":"repeat","background-position":"center center","background-size":"auto","background-attachment":"scroll","background-type":"","background-media":"","overlay-type":"","overlay-color":"","overlay-opacity":"","overlay-gradient":""},"tablet":{"background-color":"var(--ast-global-color-5)","background-image":"","background-repeat":"repeat","background-position":"center center","background-size":"auto","background-attachment":"scroll","background-type":"","background-media":"","overlay-type":"","overlay-color":"","overlay-opacity":"","overlay-gradient":""},"mobile":{"background-color":"var(--ast-global-color-5)","background-image":"","background-repeat":"repeat","background-position":"center center","background-size":"auto","background-attachment":"scroll","background-type":"","background-media":"","overlay-type":"","overlay-color":"","overlay-opacity":"","overlay-gradient":""}},"footnotes":""},"class_list":["post-351","page","type-page","status-publish","hentry"],"yoast_head":"<!-- This site is optimized with the Yoast SEO Premium plugin v26.4 (Yoast SEO v27.4) - https:\/\/yoast.com\/product\/yoast-seo-premium-wordpress\/ -->\n<title>alingui - Contact pour vos traductions et interpr\u00e9tations en suisse<\/title>\n<meta name=\"description\" content=\"N&#039;h\u00e9sitez pas \u00e0 nous contacter pour toute demande concernant une traduction, une interpr\u00e9tation ou d&#039;autres services linguistiques.\" \/>\n<meta name=\"robots\" content=\"index, follow, max-snippet:-1, max-image-preview:large, max-video-preview:-1\" \/>\n<link rel=\"canonical\" href=\"https:\/\/alingui.ch\/fr\/alingui-contact-traduction-interpretation\/\" \/>\n<meta property=\"og:locale\" content=\"fr_FR\" \/>\n<meta property=\"og:type\" content=\"article\" \/>\n<meta property=\"og:title\" content=\"Contact\" \/>\n<meta property=\"og:description\" content=\"N&#039;h\u00e9sitez pas \u00e0 nous contacter pour toute demande concernant une traduction, une interpr\u00e9tation ou d&#039;autres services linguistiques.\" \/>\n<meta property=\"og:url\" content=\"https:\/\/alingui.ch\/fr\/alingui-contact-traduction-interpretation\/\" \/>\n<meta property=\"og:site_name\" content=\"alingui\" \/>\n<meta property=\"article:publisher\" content=\"https:\/\/www.facebook.com\/profile.php?id=100087957356267\" \/>\n<meta property=\"article:modified_time\" content=\"2025-11-26T17:27:03+00:00\" \/>\n<meta name=\"twitter:card\" content=\"summary_large_image\" \/>\n<meta name=\"twitter:label1\" content=\"Dur\u00e9e de lecture estim\u00e9e\" \/>\n\t<meta name=\"twitter:data1\" content=\"1 minute\" \/>\n<script type=\"application\/ld+json\" class=\"yoast-schema-graph\">{\"@context\":\"https:\\\/\\\/schema.org\",\"@graph\":[{\"@type\":[\"WebPage\",\"ContactPage\"],\"@id\":\"https:\\\/\\\/alingui.ch\\\/alingui-contact-traduction-interpretation\\\/\",\"url\":\"https:\\\/\\\/alingui.ch\\\/alingui-contact-traduction-interpretation\\\/\",\"name\":\"alingui - Contact pour vos traductions et interpr\u00e9tations en suisse\",\"isPartOf\":{\"@id\":\"https:\\\/\\\/alingui.ch\\\/fr\\\/#website\"},\"datePublished\":\"2022-12-06T10:25:49+00:00\",\"dateModified\":\"2025-11-26T17:27:03+00:00\",\"description\":\"N'h\u00e9sitez pas \u00e0 nous contacter pour toute demande concernant une traduction, une interpr\u00e9tation ou d'autres services linguistiques.\",\"breadcrumb\":{\"@id\":\"https:\\\/\\\/alingui.ch\\\/alingui-contact-traduction-interpretation\\\/#breadcrumb\"},\"inLanguage\":\"fr-FR\",\"potentialAction\":[{\"@type\":\"ReadAction\",\"target\":[\"https:\\\/\\\/alingui.ch\\\/alingui-contact-traduction-interpretation\\\/\"]}]},{\"@type\":\"BreadcrumbList\",\"@id\":\"https:\\\/\\\/alingui.ch\\\/alingui-contact-traduction-interpretation\\\/#breadcrumb\",\"itemListElement\":[{\"@type\":\"ListItem\",\"position\":1,\"name\":\"Accueil\",\"item\":\"https:\\\/\\\/alingui.ch\\\/\"},{\"@type\":\"ListItem\",\"position\":2,\"name\":\"Contact\"}]},{\"@type\":\"WebSite\",\"@id\":\"https:\\\/\\\/alingui.ch\\\/fr\\\/#website\",\"url\":\"https:\\\/\\\/alingui.ch\\\/fr\\\/\",\"name\":\"alingui\",\"description\":\"Qualit\u00e9 et passion\",\"publisher\":{\"@id\":\"https:\\\/\\\/alingui.ch\\\/fr\\\/#organization\"},\"alternateName\":\"alingui Services linguistiques\",\"potentialAction\":[{\"@type\":\"SearchAction\",\"target\":{\"@type\":\"EntryPoint\",\"urlTemplate\":\"https:\\\/\\\/alingui.ch\\\/fr\\\/?s={search_term_string}\"},\"query-input\":{\"@type\":\"PropertyValueSpecification\",\"valueRequired\":true,\"valueName\":\"search_term_string\"}}],\"inLanguage\":\"fr-FR\"},{\"@type\":\"Organization\",\"@id\":\"https:\\\/\\\/alingui.ch\\\/fr\\\/#organization\",\"name\":\"alingui\",\"alternateName\":\"alingui Services linguistiques\",\"url\":\"https:\\\/\\\/alingui.ch\\\/fr\\\/\",\"logo\":{\"@type\":\"ImageObject\",\"inLanguage\":\"fr-FR\",\"@id\":\"https:\\\/\\\/alingui.ch\\\/fr\\\/#\\\/schema\\\/logo\\\/image\\\/\",\"url\":\"https:\\\/\\\/alingui.ch\\\/wp-content\\\/uploads\\\/2023\\\/05\\\/cropped-alingui_francais-removebg-preview-1.png\",\"contentUrl\":\"https:\\\/\\\/alingui.ch\\\/wp-content\\\/uploads\\\/2023\\\/05\\\/cropped-alingui_francais-removebg-preview-1.png\",\"width\":663,\"height\":375,\"caption\":\"alingui\"},\"image\":{\"@id\":\"https:\\\/\\\/alingui.ch\\\/fr\\\/#\\\/schema\\\/logo\\\/image\\\/\"},\"sameAs\":[\"https:\\\/\\\/www.facebook.com\\\/profile.php?id=100087957356267\",\"https:\\\/\\\/www.linkedin.com\\\/company\\\/91549963\\\/admin\\\/\"]}]}<\/script>\n<!-- \/ Yoast SEO Premium plugin. -->","yoast_head_json":{"title":"alingui - Contact pour vos traductions et interpr\u00e9tations en suisse","description":"N'h\u00e9sitez pas \u00e0 nous contacter pour toute demande concernant une traduction, une interpr\u00e9tation ou d'autres services linguistiques.","robots":{"index":"index","follow":"follow","max-snippet":"max-snippet:-1","max-image-preview":"max-image-preview:large","max-video-preview":"max-video-preview:-1"},"canonical":"https:\/\/alingui.ch\/fr\/alingui-contact-traduction-interpretation\/","og_locale":"fr_FR","og_type":"article","og_title":"Contact","og_description":"N'h\u00e9sitez pas \u00e0 nous contacter pour toute demande concernant une traduction, une interpr\u00e9tation ou d'autres services linguistiques.","og_url":"https:\/\/alingui.ch\/fr\/alingui-contact-traduction-interpretation\/","og_site_name":"alingui","article_publisher":"https:\/\/www.facebook.com\/profile.php?id=100087957356267","article_modified_time":"2025-11-26T17:27:03+00:00","twitter_card":"summary_large_image","twitter_misc":{"Dur\u00e9e de lecture estim\u00e9e":"1 minute"},"schema":{"@context":"https:\/\/schema.org","@graph":[{"@type":["WebPage","ContactPage"],"@id":"https:\/\/alingui.ch\/alingui-contact-traduction-interpretation\/","url":"https:\/\/alingui.ch\/alingui-contact-traduction-interpretation\/","name":"alingui - Contact pour vos traductions et interpr\u00e9tations en suisse","isPartOf":{"@id":"https:\/\/alingui.ch\/fr\/#website"},"datePublished":"2022-12-06T10:25:49+00:00","dateModified":"2025-11-26T17:27:03+00:00","description":"N'h\u00e9sitez pas \u00e0 nous contacter pour toute demande concernant une traduction, une interpr\u00e9tation ou d'autres services linguistiques.","breadcrumb":{"@id":"https:\/\/alingui.ch\/alingui-contact-traduction-interpretation\/#breadcrumb"},"inLanguage":"fr-FR","potentialAction":[{"@type":"ReadAction","target":["https:\/\/alingui.ch\/alingui-contact-traduction-interpretation\/"]}]},{"@type":"BreadcrumbList","@id":"https:\/\/alingui.ch\/alingui-contact-traduction-interpretation\/#breadcrumb","itemListElement":[{"@type":"ListItem","position":1,"name":"Accueil","item":"https:\/\/alingui.ch\/"},{"@type":"ListItem","position":2,"name":"Contact"}]},{"@type":"WebSite","@id":"https:\/\/alingui.ch\/fr\/#website","url":"https:\/\/alingui.ch\/fr\/","name":"alingui","description":"Qualit\u00e9 et passion","publisher":{"@id":"https:\/\/alingui.ch\/fr\/#organization"},"alternateName":"alingui Services linguistiques","potentialAction":[{"@type":"SearchAction","target":{"@type":"EntryPoint","urlTemplate":"https:\/\/alingui.ch\/fr\/?s={search_term_string}"},"query-input":{"@type":"PropertyValueSpecification","valueRequired":true,"valueName":"search_term_string"}}],"inLanguage":"fr-FR"},{"@type":"Organization","@id":"https:\/\/alingui.ch\/fr\/#organization","name":"alingui","alternateName":"alingui Services linguistiques","url":"https:\/\/alingui.ch\/fr\/","logo":{"@type":"ImageObject","inLanguage":"fr-FR","@id":"https:\/\/alingui.ch\/fr\/#\/schema\/logo\/image\/","url":"https:\/\/alingui.ch\/wp-content\/uploads\/2023\/05\/cropped-alingui_francais-removebg-preview-1.png","contentUrl":"https:\/\/alingui.ch\/wp-content\/uploads\/2023\/05\/cropped-alingui_francais-removebg-preview-1.png","width":663,"height":375,"caption":"alingui"},"image":{"@id":"https:\/\/alingui.ch\/fr\/#\/schema\/logo\/image\/"},"sameAs":["https:\/\/www.facebook.com\/profile.php?id=100087957356267","https:\/\/www.linkedin.com\/company\/91549963\/admin\/"]}]}},"_links":{"self":[{"href":"https:\/\/alingui.ch\/fr\/wp-json\/wp\/v2\/pages\/351","targetHints":{"allow":["GET"]}}],"collection":[{"href":"https:\/\/alingui.ch\/fr\/wp-json\/wp\/v2\/pages"}],"about":[{"href":"https:\/\/alingui.ch\/fr\/wp-json\/wp\/v2\/types\/page"}],"author":[{"embeddable":true,"href":"https:\/\/alingui.ch\/fr\/wp-json\/wp\/v2\/users\/1"}],"replies":[{"embeddable":true,"href":"https:\/\/alingui.ch\/fr\/wp-json\/wp\/v2\/comments?post=351"}],"version-history":[{"count":40,"href":"https:\/\/alingui.ch\/fr\/wp-json\/wp\/v2\/pages\/351\/revisions"}],"predecessor-version":[{"id":1649,"href":"https:\/\/alingui.ch\/fr\/wp-json\/wp\/v2\/pages\/351\/revisions\/1649"}],"wp:attachment":[{"href":"https:\/\/alingui.ch\/fr\/wp-json\/wp\/v2\/media?parent=351"}],"curies":[{"name":"wp","href":"https:\/\/api.w.org\/{rel}","templated":true}]}}